{"id":1138,"date":"2023-07-18T12:24:00","date_gmt":"2023-07-18T12:24:00","guid":{"rendered":"https:\/\/applefoundation.unisannio.it\/?page_id=1138"},"modified":"2023-07-18T12:26:43","modified_gmt":"2023-07-18T12:26:43","slug":"faq","status":"publish","type":"page","link":"https:\/\/applefoundation.unisannio.it\/index.php\/faq\/","title":{"rendered":"FAQ"},"content":{"rendered":"\n<p><strong>Potranno essere riconosciuti CFU validi per il mio corso di studio per la partecipazione al corso?<\/strong><\/p>\n\n\n\n<p>Gli studenti iscritti al Corso di Studio in Ingegneria Informatica (863) potranno ottenere il riconoscimento di 3 CFU \u201ca scelta libera\u201d. Per tutti gli altri studenti, il riconoscimento di CFU potr\u00e0 essere richiesto al proprio Corso di Studio, cui spetta la decisione finale; in tal caso, il riconoscimento non \u00e8 garantito n\u00e9 \u201cautomatico\u201d. Per maggiori informazioni, \u00e8 consigliato contattare preliminarmente il Presidente del vostro Corso di Studio. <\/p>\n\n\n\n<p><strong>La partecipazione ai corsi \u00e8 gratuita?<\/strong><\/p>\n\n\n\n<p>I corsi dell\u2019iOS foundation program sono assolutamente gratuiti per tutti i partecipanti, che verranno dotati di macBook e iPhone per le quattro settimane di durata del corso. <\/p>\n\n\n\n<p><strong>\u00c8 prevista una borsa per i partecipanti ai corsi?<\/strong><\/p>\n\n\n\n<p>No, tutti i corsi del Foundation program non prevedono borse di studio per i partecipanti. <\/p>\n\n\n\n<p><strong>Apple rilascer\u00e0 un attestato o certificato alla fine del corso ai partecipanti?<\/strong><\/p>\n\n\n\n<p>No, Apple non rilascer\u00e0 alcun certificato o attestato. A richiesta, l\u2019ateneo del Sannio rilascer\u00e0 un attestato di semplice \u201cpartecipazione\u201d al corso (il corso non prevede un esame finale). <\/p>\n\n\n\n<p><strong>Imparer\u00f2 a creare Applicazioni?<\/strong><\/p>\n\n\n\n<p>Certo! I corsi tratteranno estensivamente il linguaggio Swift, con l\u2019obiettivo di fornire il massimo delle conoscenze erogabili in tre settimane. Specialmente nel caso dei corsi destinati a studenti gi\u00e0 in possesso delle basi di programmazione OO, questo permetter\u00e0 di arrivare allo sviluppo di applicazioni anche complesse. <\/p>\n\n\n\n<p><strong>Che software di sviluppo mi occorre?<\/strong><\/p>\n\n\n\n<p>Ai partecipanti al corso sar\u00e0 fornito tutto l\u2019hardware ed il software necessario. <\/p>\n\n\n\n<p><strong>Dove si terranno i corsi?<\/strong><\/p>\n\n\n\n<p>I corsi si terranno presso l\u2019aula didattica predisposta al secondo piano del plesso di S. Vittorino, con ingresso in via Tenente Pellegrini.<\/p>\n","protected":false},"excerpt":{"rendered":"<p>Potranno essere riconosciuti CFU validi per il mio corso di studio per la partecipazione al corso? Gli studenti iscritti al Corso di Studio in Ingegneria Informatica (863) potranno ottenere il riconoscimento di 3 CFU \u201ca scelta libera\u201d. Per tutti gli altri studenti, il riconoscimento di CFU potr\u00e0 essere richiesto al proprio Corso di Studio, cui&#8230;<\/p>\n","protected":false},"author":1,"featured_media":0,"parent":0,"menu_order":0,"comment_status":"closed","ping_status":"closed","template":"","meta":{"_kadence_starter_templates_imported_post":false,"_kad_post_transparent":"","_kad_post_title":"","_kad_post_layout":"","_kad_post_sidebar_id":"","_kad_post_content_style":"","_kad_post_vertical_padding":"","_kad_post_feature":"","_kad_post_feature_position":"","_kad_post_header":false,"_kad_post_footer":false,"footnotes":""},"class_list":["post-1138","page","type-page","status-publish","hentry"],"_links":{"self":[{"href":"https:\/\/applefoundation.unisannio.it\/index.php\/wp-json\/wp\/v2\/pages\/1138","targetHints":{"allow":["GET"]}}],"collection":[{"href":"https:\/\/applefoundation.unisannio.it\/index.php\/wp-json\/wp\/v2\/pages"}],"about":[{"href":"https:\/\/applefoundation.unisannio.it\/index.php\/wp-json\/wp\/v2\/types\/page"}],"author":[{"embeddable":true,"href":"https:\/\/applefoundation.unisannio.it\/index.php\/wp-json\/wp\/v2\/users\/1"}],"replies":[{"embeddable":true,"href":"https:\/\/applefoundation.unisannio.it\/index.php\/wp-json\/wp\/v2\/comments?post=1138"}],"version-history":[{"count":2,"href":"https:\/\/applefoundation.unisannio.it\/index.php\/wp-json\/wp\/v2\/pages\/1138\/revisions"}],"predecessor-version":[{"id":1141,"href":"https:\/\/applefoundation.unisannio.it\/index.php\/wp-json\/wp\/v2\/pages\/1138\/revisions\/1141"}],"wp:attachment":[{"href":"https:\/\/applefoundation.unisannio.it\/index.php\/wp-json\/wp\/v2\/media?parent=1138"}],"curies":[{"name":"wp","href":"https:\/\/api.w.org\/{rel}","templated":true}]}}