{"id":1110,"date":"2023-07-07T20:18:49","date_gmt":"2023-07-07T20:18:49","guid":{"rendered":"https:\/\/applefoundation.unisannio.it\/?page_id=1110"},"modified":"2023-07-07T20:18:49","modified_gmt":"2023-07-07T20:18:49","slug":"informazioni","status":"publish","type":"page","link":"https:\/\/applefoundation.unisannio.it\/index.php\/informazioni\/","title":{"rendered":"Informazioni"},"content":{"rendered":"\n<h5 class=\"wp-block-heading\">Cos&#8217;\u00e8?<\/h5>\n\n\n\n<p>L&#8217;iOS Foundation Program, realizzato dall&#8217;Universit\u00e0 del Sannio in collaborazione con Apple, \u00e8 un programma accademico per l&#8217;offerta di corsi finalizzati alla creazione di App iOS potenzialmente valide per la distribuzione tramite l&#8217;App Store di Apple.<\/p>\n\n\n\n<h5 class=\"wp-block-heading\">I Corsi<\/h5>\n\n\n\n<p>Ogni corso ha la durata di 4 settimane, e prevede la partecipazione di 30 studenti selezionati che vogliano maturare una specifica esperienza nell\u2019area dello sviluppo per dispositivi iOS. Il corso \u00e8 basato su metodologie didattiche innovative, ispirate al Challenge-Based Learning.<\/p>\n\n\n\n<h5 class=\"wp-block-heading\">Risorse<\/h5>\n\n\n\n<p>I corsi si terranno presso un laboratorio attrezzato con i pi\u00f9 recenti hardware e software di Apple. Gli studenti disporranno per tutta la durata del corso di un kit costituito da un MacBook Pro e da un iPhone, oltre a materiale didattico e risorse condivise finalizzate alla realizzazione dell&#8217;App.<\/p>\n","protected":false},"excerpt":{"rendered":"<p>Cos&#8217;\u00e8? L&#8217;iOS Foundation Program, realizzato dall&#8217;Universit\u00e0 del Sannio in collaborazione con Apple, \u00e8 un programma accademico per l&#8217;offerta di corsi finalizzati alla creazione di App iOS potenzialmente valide per la distribuzione tramite l&#8217;App Store di Apple. I Corsi Ogni corso ha la durata di 4 settimane, e prevede la partecipazione di 30 studenti selezionati che&#8230;<\/p>\n","protected":false},"author":1,"featured_media":0,"parent":0,"menu_order":0,"comment_status":"closed","ping_status":"closed","template":"","meta":{"_kadence_starter_templates_imported_post":false,"_kad_post_transparent":"","_kad_post_title":"","_kad_post_layout":"","_kad_post_sidebar_id":"","_kad_post_content_style":"","_kad_post_vertical_padding":"","_kad_post_feature":"","_kad_post_feature_position":"","_kad_post_header":false,"_kad_post_footer":false,"footnotes":""},"class_list":["post-1110","page","type-page","status-publish","hentry"],"_links":{"self":[{"href":"https:\/\/applefoundation.unisannio.it\/index.php\/wp-json\/wp\/v2\/pages\/1110","targetHints":{"allow":["GET"]}}],"collection":[{"href":"https:\/\/applefoundation.unisannio.it\/index.php\/wp-json\/wp\/v2\/pages"}],"about":[{"href":"https:\/\/applefoundation.unisannio.it\/index.php\/wp-json\/wp\/v2\/types\/page"}],"author":[{"embeddable":true,"href":"https:\/\/applefoundation.unisannio.it\/index.php\/wp-json\/wp\/v2\/users\/1"}],"replies":[{"embeddable":true,"href":"https:\/\/applefoundation.unisannio.it\/index.php\/wp-json\/wp\/v2\/comments?post=1110"}],"version-history":[{"count":2,"href":"https:\/\/applefoundation.unisannio.it\/index.php\/wp-json\/wp\/v2\/pages\/1110\/revisions"}],"predecessor-version":[{"id":1112,"href":"https:\/\/applefoundation.unisannio.it\/index.php\/wp-json\/wp\/v2\/pages\/1110\/revisions\/1112"}],"wp:attachment":[{"href":"https:\/\/applefoundation.unisannio.it\/index.php\/wp-json\/wp\/v2\/media?parent=1110"}],"curies":[{"name":"wp","href":"https:\/\/api.w.org\/{rel}","templated":true}]}}